{"id":771,"date":"2018-08-10T15:38:26","date_gmt":"2018-08-10T14:38:26","guid":{"rendered":"http:\/\/orguesaintjean60.fr\/?page_id=771"},"modified":"2019-04-22T15:48:35","modified_gmt":"2019-04-22T14:48:35","slug":"actualite-notre-orgue-a-lhonneur-avec-jean-guillou","status":"publish","type":"page","link":"https:\/\/orguesaintjean60.fr\/index.php\/actualite-notre-orgue-a-lhonneur-avec-jean-guillou\/","title":{"rendered":"Notre orgue \u00e0 l&rsquo;honneur avec Jean Guillou!"},"content":{"rendered":"<h6 style=\"text-align: center;\"><strong>Mardi 10 juillet 2018 \u00e0 20h30\u00a0dans l\u2019abbatiale avec Le Festival des For\u00eats\u00a0:<\/strong><\/h6>\n<h6 style=\"text-align: center;\"><strong>Grand concert Orgue et Trompette avec Jean Guillou et David Guerrier<\/strong><\/h6>\n<p><a href=\"http:\/\/orguesaintjean60.fr\/wp-content\/uploads\/2018\/08\/Jean-Guillou-\u00e0-St-Jean-100718-2.jpg\"><img decoding=\"async\" loading=\"lazy\" class=\"wp-image-773 aligncenter\" src=\"http:\/\/orguesaintjean60.fr\/wp-content\/uploads\/2018\/08\/Jean-Guillou-\u00e0-St-Jean-100718-2-300x150.jpg\" sizes=\"(max-width: 1012px) 100vw, 1012px\" srcset=\"http:\/\/orguesaintjean60.fr\/wp-content\/uploads\/2018\/08\/Jean-Guillou-\u00e0-St-Jean-100718-2-300x150.jpg 300w, http:\/\/orguesaintjean60.fr\/wp-content\/uploads\/2018\/08\/Jean-Guillou-\u00e0-St-Jean-100718-2-768x384.jpg 768w, http:\/\/orguesaintjean60.fr\/wp-content\/uploads\/2018\/08\/Jean-Guillou-\u00e0-St-Jean-100718-2-1024x512.jpg 1024w, http:\/\/orguesaintjean60.fr\/wp-content\/uploads\/2018\/08\/Jean-Guillou-\u00e0-St-Jean-100718-2-1000x500.jpg 1000w, http:\/\/orguesaintjean60.fr\/wp-content\/uploads\/2018\/08\/Jean-Guillou-\u00e0-St-Jean-100718-2.jpg 1040w\" alt=\"\" width=\"1012\" height=\"506\" \/><\/a><\/p>\n<p>Jean Guillou saluant le public de son concert Orgue et Trompette donn\u00e9 dans l\u2019abbatiale le 10 juillet 2018.<\/p>\n<p>A droite David Guerrier, 1<sup>er<\/sup>prix du concours Maurice Andr\u00e9, trompette solo \u00e0 l\u2019Orchestre national de France.<br \/>\nA gauche, Pierre Lefranc, professeur d\u2019orgue au Conservatoire de Compi\u00e8gne, assistant Jean Guillou.<\/p>\n<p>Au programme\u00a0:<\/p>\n<ul>\n<li>Jean-S\u00e9bastien BACH, Fugue en r\u00e9 majeur<\/li>\n<li>Franz LIZT, Fantaisie et Fugue sur le nom de B-A-C-H<\/li>\n<li>Jean Guillou, Concerto pour Orgue et Trompette<\/li>\n<\/ul>\n<p>N\u00e9 en 1930, Jean Guillou est, d\u00e8s l\u2019\u00e2ge de 12 ans, titulaire de l\u2019orgue de l\u2019\u00e9glise Saint-Serge \u00e0 Angers\u2026 et devient \u00e0 33 ans titulaire des grandes orgues de l\u2019\u00e9glise Saint-Eustache au c\u0153ur de Paris, et ceci pendant 51 ans\u00a0!<\/p>\n<p>Sa carri\u00e8re de concertiste virtuose le conduit \u00e0 donner des r\u00e9citals dans le monde entier.<\/p>\n<p>Il est en m\u00eame temps un compositeur majeur, un p\u00e9dagogue recherch\u00e9, et le concepteur de nombreux projets d\u2019orgues.<\/p>\n<p>A l\u2019invitation du Festival des For\u00eats anim\u00e9 par Bruno Ory-Lavoll\u00e9e, Jean Guillou s\u2019est produit le 10 juillet 2018 dans l\u2019abbatiale de Saint-Jean-aux-Bois pour un public enthousiaste.<\/p>\n<p>En fin de concert, il a bien voulu nous faire part de sa pleine satisfaction quant aux capacit\u00e9s musicales et \u00e0 la qualit\u00e9 de notre instrument.<\/p>\n<p>Nota\u00a0: Jean Guillou est d\u00e9c\u00e9d\u00e9 en Janvier 2019. Il restera dans la grande histoire de l&rsquo;orgue.<\/p>\n","protected":false},"excerpt":{"rendered":"<p>Mardi 10 juillet 2018 \u00e0 20h30\u00a0dans l\u2019abbatiale avec Le Festival des For\u00eats\u00a0: Grand concert Orgue et Trompette avec Jean Guillou et David Guerrier Jean Guillou saluant le public de son <a href=\"https:\/\/orguesaintjean60.fr\/index.php\/actualite-notre-orgue-a-lhonneur-avec-jean-guillou\/\" class=\"more-link\">[&hellip;]<\/a><\/p>\n","protected":false},"author":1,"featured_media":0,"parent":0,"menu_order":0,"comment_status":"closed","ping_status":"closed","template":"","meta":[],"_links":{"self":[{"href":"https:\/\/orguesaintjean60.fr\/index.php\/wp-json\/wp\/v2\/pages\/771"}],"collection":[{"href":"https:\/\/orguesaintjean60.fr\/index.php\/wp-json\/wp\/v2\/pages"}],"about":[{"href":"https:\/\/orguesaintjean60.fr\/index.php\/wp-json\/wp\/v2\/types\/page"}],"author":[{"embeddable":true,"href":"https:\/\/orguesaintjean60.fr\/index.php\/wp-json\/wp\/v2\/users\/1"}],"replies":[{"embeddable":true,"href":"https:\/\/orguesaintjean60.fr\/index.php\/wp-json\/wp\/v2\/comments?post=771"}],"version-history":[{"count":16,"href":"https:\/\/orguesaintjean60.fr\/index.php\/wp-json\/wp\/v2\/pages\/771\/revisions"}],"predecessor-version":[{"id":857,"href":"https:\/\/orguesaintjean60.fr\/index.php\/wp-json\/wp\/v2\/pages\/771\/revisions\/857"}],"wp:attachment":[{"href":"https:\/\/orguesaintjean60.fr\/index.php\/wp-json\/wp\/v2\/media?parent=771"}],"curies":[{"name":"wp","href":"https:\/\/api.w.org\/{rel}","templated":true}]}}