{"id":52,"date":"2015-11-25T14:20:38","date_gmt":"2015-11-25T13:20:38","guid":{"rendered":"http:\/\/orguesaintjean60.fr\/?page_id=52"},"modified":"2016-06-19T09:40:12","modified_gmt":"2016-06-19T08:40:12","slug":"presentation-2","status":"publish","type":"page","link":"https:\/\/orguesaintjean60.fr\/","title":{"rendered":"Pr\u00e9sentation"},"content":{"rendered":"<div id=\"pl-52\"  class=\"panel-layout\" ><div id=\"pg-52-0\"  class=\"panel-grid panel-no-style\" ><div id=\"pgc-52-0-0\"  class=\"panel-grid-cell\" ><div id=\"panel-52-0-0-0\" class=\"so-panel widget widget_sow-editor panel-first-child panel-last-child\" data-index=\"0\" ><div class=\"so-widget-sow-editor so-widget-sow-editor-base\">\n<div class=\"siteorigin-widget-tinymce textwidget\">\n\t<p>\u00a0\u00a0\u00a0\u00a0 Saint-Jean-aux-Bois est un village de 360 habitants, au c\u0153ur de la for\u00eat de Compi\u00e8gne. L\u2019installation d\u2019un Grand Orgue dans son \u00e9glise abbatiale class\u00e9e a \u00e9t\u00e9 men\u00e9e \u00e0 bien au printemps 2015.<\/p>\n<p>\u00a0\u00a0\u00a0\u00a0 Le village de Saint-Jean-aux-Bois, son abbatiale, et l\u2019histoire de cet \u00e9tonnant projet sont d\u00e9crits et illustr\u00e9s dans un album consultable :<a href=\"http:\/\/orguesaintjean60.fr\/index.php\/saint-jean-aux-bois-2\/\" target=\"_blank\"><span style=\"color: #000000;\"> <span style=\"color: #ff6600;\"><strong>\u00ab Histoire et Projet \u00bb<\/strong><\/span><\/span><\/a><\/p>\n<p><span style=\"color: #000000;\">\u00a0<\/span>\u00a0\u00a0\u00a0 Des concerts avec les meilleurs orchestres, ch\u0153urs, et solistes, b\u00e9n\u00e9ficiant de la g\u00e9n\u00e9reuse acoustique de l\u2019\u00e9difice, sont r\u00e9guli\u00e8rement programm\u00e9s : <span style=\"color: #000000;\"><span style=\"color: #ff6600;\"><strong><a style=\"color: #ff6600;\" href=\"http:\/\/orguesaintjean60.fr\/index.php\/prochains-concerts-2\/\" target=\"_blank\">\u00abCalendrier Concerts\u00bb<\/a><\/strong><\/span><\/span><\/p>\n<p><span style=\"color: #000000;\">\u00a0\u00a0\u00a0\u00a0 <\/span>Le village dispose d\u2019excellents \u00e9quipements d\u2019accueil, h\u00f4tel, restaurants, chambres et maisons d\u2019h\u00f4tes :<span style=\"color: #000000;\"> <strong><span style=\"color: #ff6600;\"><a href=\"http:\/\/orguesaintjean60.fr\/index.php\/adresses-utiles-2\/\" target=\"_blank\">\u00ab Adresses utiles \u00bb<\/a><\/span><\/strong><\/span><\/p>\n<p><span style=\"color: #000000;\">\u00a0\u00a0\u00a0<\/span>\u00a0 La Commune de Saint-Jean-aux-Bois et la Paroisse s\u2019honorent de garder l\u2019abbatiale ouverte aux visiteurs tous les jours. La liturgie est soutenue par ce nouvel instrument :<span style=\"color: #000000;\"><span style=\"color: #ff6600;\"> <a style=\"color: #ff6600;\" href=\"http:\/\/orguesaintjean60.fr\/index.php\/liturgie\/\" target=\"_blank\"><strong>\u00ab Liturgie \u00bb<\/strong><\/a><\/span><\/span><\/p>\n<p>\u00catre tenu inform\u00e9 et participer : <span style=\"color: #000000;\"><span style=\"color: #ff6600;\"><strong><a style=\"color: #ff6600;\" href=\"http:\/\/orguesaintjean60.fr\/index.php\/comment-adherer-3\/\" target=\"_blank\">\u00ab Devenir adh\u00e9rent \u00bb<\/a><\/strong><\/span><\/span><\/p>\n<\/div>\n<\/div><\/div><\/div><\/div><div id=\"pg-52-1\"  class=\"panel-grid panel-no-style\" ><div id=\"pgc-52-1-0\"  class=\"panel-grid-cell\" ><div id=\"panel-52-1-0-0\" class=\"so-panel widget widget_sow-features panel-first-child panel-last-child\" data-index=\"1\" ><div class=\"so-widget-sow-features so-widget-sow-features-default-7ef7ef1cb031\">\n<div class=\"sow-features-list sow-features-responsive\">\n\n\t\t\t\n\t\t\t<div class=\"sow-features-feature sow-icon-container-position-top sow-features-feature-last-row\" style=\"width: 50%\">\n\n\t\t\t\t<a href=\"https:\/\/orguesaintjean60.fr\/index.php\/contact\/\" >\t\t\t\t<div\n\t\t\t\t\tclass=\"sow-icon-container sow-container-none\"\n                    style=\"color: #ffffff; \"\n\t\t\t\t\t>\n\t\t\t\t\t<span class=\"sow-icon-fontawesome sow-far\" data-sow-icon=\"&#xf0e0;\" style=\"font-size: 70px; color: #f77b00\"><\/span>\t\t\t\t<\/div>\n\t\t\t\t<\/a>\n\t\t\t\t<div class=\"textwidget\">\n\t\t\t\t\t\t\t\t\t\t\t<h5>\n\t\t\t\t\t\t\t<a href=\"https:\/\/orguesaintjean60.fr\/index.php\/contact\/\" >\t\t\t\t\t\t\tContact\t\t\t\t\t\t\t<\/a>\t\t\t\t\t\t<\/h5>\n\t\t\t\t\t\n\t\t\t\t\t\n\t\t\t\t\t\t\t\t\t<\/div>\n\t\t\t<\/div>\n\n\t\t\t\n<\/div>\n<\/div><\/div><\/div><div id=\"pgc-52-1-1\"  class=\"panel-grid-cell\" ><div id=\"panel-52-1-1-0\" class=\"so-panel widget widget_sow-features panel-first-child panel-last-child\" data-index=\"2\" ><div class=\"so-widget-sow-features so-widget-sow-features-default-7ef7ef1cb031\">\n<div class=\"sow-features-list sow-features-responsive\">\n\n\t\t\t\n\t\t\t<div class=\"sow-features-feature sow-icon-container-position-top sow-features-feature-last-row\" style=\"width: 50%\">\n\n\t\t\t\t<a href=\"https:\/\/orguesaintjean60.fr\/index.php\/mentions-legales\/\" >\t\t\t\t<div\n\t\t\t\t\tclass=\"sow-icon-container sow-container-none\"\n                    style=\"color: #ffffff; \"\n\t\t\t\t\t>\n\t\t\t\t\t<span class=\"sow-icon-fontawesome sow-fas\" data-sow-icon=\"&#xf19c;\" style=\"font-size: 70px; color: #f77b00\"><\/span>\t\t\t\t<\/div>\n\t\t\t\t<\/a>\n\t\t\t\t<div class=\"textwidget\">\n\t\t\t\t\t\t\t\t\t\t\t<h5>\n\t\t\t\t\t\t\t<a href=\"https:\/\/orguesaintjean60.fr\/index.php\/mentions-legales\/\" >\t\t\t\t\t\t\tMentions Legales\t\t\t\t\t\t\t<\/a>\t\t\t\t\t\t<\/h5>\n\t\t\t\t\t\n\t\t\t\t\t\n\t\t\t\t\t\t\t\t\t<\/div>\n\t\t\t<\/div>\n\n\t\t\t\n<\/div>\n<\/div><\/div><\/div><\/div><\/div>","protected":false},"excerpt":{"rendered":"<p>\u00a0\u00a0\u00a0\u00a0 Saint-Jean-aux-Bois est un village de 360 habitants, au c\u0153ur de la for\u00eat de Compi\u00e8gne. L\u2019installation d\u2019un Grand Orgue dans son \u00e9glise abbatiale class\u00e9e a \u00e9t\u00e9 men\u00e9e \u00e0 bien au <a href=\"https:\/\/orguesaintjean60.fr\/\" class=\"more-link\">[&hellip;]<\/a><\/p>\n","protected":false},"author":1,"featured_media":0,"parent":0,"menu_order":0,"comment_status":"closed","ping_status":"closed","template":"","meta":[],"_links":{"self":[{"href":"https:\/\/orguesaintjean60.fr\/index.php\/wp-json\/wp\/v2\/pages\/52"}],"collection":[{"href":"https:\/\/orguesaintjean60.fr\/index.php\/wp-json\/wp\/v2\/pages"}],"about":[{"href":"https:\/\/orguesaintjean60.fr\/index.php\/wp-json\/wp\/v2\/types\/page"}],"author":[{"embeddable":true,"href":"https:\/\/orguesaintjean60.fr\/index.php\/wp-json\/wp\/v2\/users\/1"}],"replies":[{"embeddable":true,"href":"https:\/\/orguesaintjean60.fr\/index.php\/wp-json\/wp\/v2\/comments?post=52"}],"version-history":[{"count":82,"href":"https:\/\/orguesaintjean60.fr\/index.php\/wp-json\/wp\/v2\/pages\/52\/revisions"}],"predecessor-version":[{"id":637,"href":"https:\/\/orguesaintjean60.fr\/index.php\/wp-json\/wp\/v2\/pages\/52\/revisions\/637"}],"wp:attachment":[{"href":"https:\/\/orguesaintjean60.fr\/index.php\/wp-json\/wp\/v2\/media?parent=52"}],"curies":[{"name":"wp","href":"https:\/\/api.w.org\/{rel}","templated":true}]}}