{"id":48,"date":"2015-11-25T14:20:06","date_gmt":"2015-11-25T13:20:06","guid":{"rendered":"http:\/\/orguesaintjean60.fr\/?page_id=48"},"modified":"2019-04-22T15:46:12","modified_gmt":"2019-04-22T14:46:12","slug":"saint-jean-aux-bois-2","status":"publish","type":"page","link":"https:\/\/orguesaintjean60.fr\/index.php\/saint-jean-aux-bois-2\/","title":{"rendered":"Histoire et Projet"},"content":{"rendered":"<div id=\"pl-48\"  class=\"panel-layout\" ><div id=\"pg-48-0\"  class=\"panel-grid panel-no-style\" ><div id=\"pgc-48-0-0\"  class=\"panel-grid-cell\" ><div id=\"panel-48-0-0-0\" class=\"so-panel widget widget_sow-editor panel-first-child panel-last-child\" data-index=\"0\" ><div class=\"so-widget-sow-editor so-widget-sow-editor-base\">\n<div class=\"siteorigin-widget-tinymce textwidget\">\n\t<p>France 3 Picardie, au matin de l'inauguration de l'instrument du 12 avril 2015, a r\u00e9alis\u00e9 un film de 2'40 qui en fait une rapide et excellente synth\u00e8se.<\/p>\n<p>Un album a \u00e9t\u00e9 \u00e9dit\u00e9 en fin de projet. Il pr\u00e9sente Saint-Jean-aux-Bois au c\u0153ur de la for\u00eat de Compi\u00e8gne, ainsi que la gen\u00e8se de ce Grand Orgue mixte qui associe Facture d'orgues traditionnelle et technologie num\u00e9rique. Une premi\u00e8re <span style=\"color: #808080;\">en France.<\/span><\/p>\n<\/div>\n<\/div><\/div><\/div><div id=\"pgc-48-0-1\"  class=\"panel-grid-cell\" ><div id=\"panel-48-0-1-0\" class=\"so-panel widget widget_sow-button panel-first-child\" data-index=\"1\" ><div class=\"so-widget-sow-button so-widget-sow-button-atom-15c325e6292c\"><div class=\"ow-button-base ow-button-align-center\">\n\t<a href=\"https:\/\/youtu.be\/F34F7O5CXw8\" class=\"ow-icon-placement-left ow-button-hover\" target=\"_blank\" rel=\"noopener noreferrer\" \t\t>\n\t\t<span>\n\t\t\t\n\t\t\tFilm Fr3\t\t<\/span>\n\t<\/a>\n<\/div>\n<\/div><\/div><div id=\"panel-48-0-1-1\" class=\"so-panel widget widget_sow-button panel-last-child\" data-index=\"2\" ><div class=\"so-widget-sow-button so-widget-sow-button-atom-313969cc263d\"><div class=\"ow-button-base ow-button-align-center\">\n\t<a href=\"http:\/\/orguesaintjean60.fr\/wp-content\/uploads\/2015\/12\/Album-Un-Grand-Orgue.pdf\" class=\"ow-icon-placement-left ow-button-hover\" target=\"_blank\" rel=\"noopener noreferrer\" \t\t>\n\t\t<span>\n\t\t\t<span class=\"sow-icon-icomoon\" data-sow-icon=\"&#xe91f;\" style=\"color: #ffffff\"><\/span>\n\t\t\tALBUM ORGUE \t\t<\/span>\n\t<\/a>\n<\/div>\n<\/div><\/div><\/div><\/div><div id=\"pg-48-1\"  class=\"panel-grid panel-no-style\" ><div id=\"pgc-48-1-0\"  class=\"panel-grid-cell\" ><div id=\"panel-48-1-0-0\" class=\"so-panel widget widget_sow-editor panel-first-child panel-last-child\" data-index=\"3\" ><div class=\"so-widget-sow-editor so-widget-sow-editor-base\">\n<div class=\"siteorigin-widget-tinymce textwidget\">\n\t<p>Notre orgue \u00e0 l'honneur en Juillet 2018 avec le regrett\u00e9 Jean Guillou.<\/p>\n<\/div>\n<\/div><\/div><\/div><div id=\"pgc-48-1-1\"  class=\"panel-grid-cell\" ><div id=\"panel-48-1-1-0\" class=\"so-panel widget widget_sow-image panel-first-child panel-last-child\" data-index=\"4\" ><div class=\"so-widget-sow-image so-widget-sow-image-default-d6014b76747a\">\n\n<div class=\"sow-image-container\">\n\t<img src=\"https:\/\/orguesaintjean60.fr\/wp-content\/uploads\/2018\/08\/Jean-Guillou-\u00e0-St-Jean-100718-2.jpg\" width=\"1040\" height=\"520\" srcset=\"https:\/\/orguesaintjean60.fr\/wp-content\/uploads\/2018\/08\/Jean-Guillou-\u00e0-St-Jean-100718-2.jpg 1040w, https:\/\/orguesaintjean60.fr\/wp-content\/uploads\/2018\/08\/Jean-Guillou-\u00e0-St-Jean-100718-2-300x150.jpg 300w, https:\/\/orguesaintjean60.fr\/wp-content\/uploads\/2018\/08\/Jean-Guillou-\u00e0-St-Jean-100718-2-768x384.jpg 768w, https:\/\/orguesaintjean60.fr\/wp-content\/uploads\/2018\/08\/Jean-Guillou-\u00e0-St-Jean-100718-2-1024x512.jpg 1024w, https:\/\/orguesaintjean60.fr\/wp-content\/uploads\/2018\/08\/Jean-Guillou-\u00e0-St-Jean-100718-2-1000x500.jpg 1000w\" sizes=\"(max-width: 1040px) 100vw, 1040px\" title=\"Jean Guillou \u00e0 St Jean 10:07:18-2\" alt=\"\" \t\tclass=\"so-widget-image\"\/>\n<\/div>\n\n<\/div><\/div><\/div><\/div><\/div>","protected":false},"excerpt":{"rendered":"<p>France 3 Picardie, au matin de l&rsquo;inauguration de l&rsquo;instrument du 12 avril 2015, a r\u00e9alis\u00e9 un film de 2&rsquo;40 qui en fait une rapide et excellente synth\u00e8se.Un album a \u00e9t\u00e9 <a href=\"https:\/\/orguesaintjean60.fr\/index.php\/saint-jean-aux-bois-2\/\" class=\"more-link\">[&hellip;]<\/a><\/p>\n","protected":false},"author":1,"featured_media":0,"parent":0,"menu_order":0,"comment_status":"closed","ping_status":"closed","template":"","meta":[],"_links":{"self":[{"href":"https:\/\/orguesaintjean60.fr\/index.php\/wp-json\/wp\/v2\/pages\/48"}],"collection":[{"href":"https:\/\/orguesaintjean60.fr\/index.php\/wp-json\/wp\/v2\/pages"}],"about":[{"href":"https:\/\/orguesaintjean60.fr\/index.php\/wp-json\/wp\/v2\/types\/page"}],"author":[{"embeddable":true,"href":"https:\/\/orguesaintjean60.fr\/index.php\/wp-json\/wp\/v2\/users\/1"}],"replies":[{"embeddable":true,"href":"https:\/\/orguesaintjean60.fr\/index.php\/wp-json\/wp\/v2\/comments?post=48"}],"version-history":[{"count":46,"href":"https:\/\/orguesaintjean60.fr\/index.php\/wp-json\/wp\/v2\/pages\/48\/revisions"}],"predecessor-version":[{"id":79,"href":"https:\/\/orguesaintjean60.fr\/index.php\/wp-json\/wp\/v2\/pages\/48\/revisions\/79"}],"wp:attachment":[{"href":"https:\/\/orguesaintjean60.fr\/index.php\/wp-json\/wp\/v2\/media?parent=48"}],"curies":[{"name":"wp","href":"https:\/\/api.w.org\/{rel}","templated":true}]}}