{"id":241,"date":"2015-12-02T20:21:49","date_gmt":"2015-12-02T19:21:49","guid":{"rendered":"http:\/\/orguesaintjean60.fr\/?page_id=241"},"modified":"2021-06-01T13:56:36","modified_gmt":"2021-06-01T12:56:36","slug":"liturgie","status":"publish","type":"page","link":"https:\/\/orguesaintjean60.fr\/index.php\/liturgie\/","title":{"rendered":"Liturgie"},"content":{"rendered":"<div id=\"pl-241\"  class=\"panel-layout\" ><div id=\"pg-241-0\"  class=\"panel-grid panel-no-style\" ><div id=\"pgc-241-0-0\"  class=\"panel-grid-cell\" ><div id=\"panel-241-0-0-0\" class=\"so-panel widget widget_sow-editor panel-first-child panel-last-child\" data-index=\"0\" ><div class=\"so-widget-sow-editor so-widget-sow-editor-base\">\n<div class=\"siteorigin-widget-tinymce textwidget\">\n\t<p style=\"text-align: justify;\"><a href=\"http:\/\/orguesaintjean60.fr\/wp-content\/uploads\/2015\/11\/img-7.png\"><img decoding=\"async\" loading=\"lazy\" class=\" wp-image-140 alignleft\" src=\"http:\/\/orguesaintjean60.fr\/wp-content\/uploads\/2015\/11\/img-7-300x226.png\" alt=\"img 7\" width=\"334\" height=\"251\" srcset=\"https:\/\/orguesaintjean60.fr\/wp-content\/uploads\/2015\/11\/img-7-300x226.png 300w, https:\/\/orguesaintjean60.fr\/wp-content\/uploads\/2015\/11\/img-7-175x131.png 175w, https:\/\/orguesaintjean60.fr\/wp-content\/uploads\/2015\/11\/img-7.png 416w\" sizes=\"(max-width: 334px) 100vw, 334px\" \/><\/a>L\u2019\u00e9glise-abbatiale de Saint-Jean-aux-Bois est rattach\u00e9e \u00e0 la Paroisse de Compi\u00e8gne au\u00a014 rue du Dahomey - 60200 Compi\u00e8gne.<br \/>\nTel: 03 44 40 39 38 \u00a0 \u00a0site<span style=\"color: #808080;\"> : www.catoco.net<\/span><\/p>\n<p style=\"text-align: justify;\">Messe le <strong>SAMEDI\u00a0pr\u00e9c\u00e9dant le 4e dimanche du mois<\/strong> \u00e0<strong>\u00a018h30<\/strong>, sauf juillet et aout.Veill\u00e9e de No\u00ebl le 24 d\u00e9cembre \u00e0 18h30. <strong>L'abbatiale\u00a0est ouverte tous les jours aux visiteurs.<\/strong><\/p>\n<p style=\"text-align: justify;\"><span style=\"color: #ff0000;\">Exceptionnel vitrail de la Passion en fond de choeur, du\u00a0<\/span><span style=\"color: #ff0000;\">13\u00e8me si\u00e8cle.\u00a0<span style=\"color: #000000;\">Sa restauration a \u00e9t\u00e9 men\u00e9e \u00e0 bien, sous l'impulsion de l'association des Amis de l'abbatiale, par la Manufacture Vincent Petit de Troyes. Au terme d'une minutieuse r\u00e9novation, il et a \u00e9t\u00e9 r\u00e9install\u00e9 en mai 2021.<\/span><\/span><\/p>\n<p style=\"text-align: justify;\">\n<\/p><\/div>\n<\/div><\/div><\/div><\/div><\/div>","protected":false},"excerpt":{"rendered":"<p>L\u2019\u00e9glise-abbatiale de Saint-Jean-aux-Bois est rattach\u00e9e \u00e0 la Paroisse de Compi\u00e8gne au\u00a014 rue du Dahomey &#8211; 60200 Compi\u00e8gne. Tel: 03 44 40 39 38 \u00a0 \u00a0site : www.catoco.net Messe le SAMEDI\u00a0pr\u00e9c\u00e9dant <a href=\"https:\/\/orguesaintjean60.fr\/index.php\/liturgie\/\" class=\"more-link\">[&hellip;]<\/a><\/p>\n","protected":false},"author":1,"featured_media":0,"parent":0,"menu_order":0,"comment_status":"closed","ping_status":"closed","template":"","meta":[],"_links":{"self":[{"href":"https:\/\/orguesaintjean60.fr\/index.php\/wp-json\/wp\/v2\/pages\/241"}],"collection":[{"href":"https:\/\/orguesaintjean60.fr\/index.php\/wp-json\/wp\/v2\/pages"}],"about":[{"href":"https:\/\/orguesaintjean60.fr\/index.php\/wp-json\/wp\/v2\/types\/page"}],"author":[{"embeddable":true,"href":"https:\/\/orguesaintjean60.fr\/index.php\/wp-json\/wp\/v2\/users\/1"}],"replies":[{"embeddable":true,"href":"https:\/\/orguesaintjean60.fr\/index.php\/wp-json\/wp\/v2\/comments?post=241"}],"version-history":[{"count":63,"href":"https:\/\/orguesaintjean60.fr\/index.php\/wp-json\/wp\/v2\/pages\/241\/revisions"}],"predecessor-version":[{"id":914,"href":"https:\/\/orguesaintjean60.fr\/index.php\/wp-json\/wp\/v2\/pages\/241\/revisions\/914"}],"wp:attachment":[{"href":"https:\/\/orguesaintjean60.fr\/index.php\/wp-json\/wp\/v2\/media?parent=241"}],"curies":[{"name":"wp","href":"https:\/\/api.w.org\/{rel}","templated":true}]}}